{"id":99,"date":"2025-08-16T09:43:46","date_gmt":"2025-08-16T09:43:46","guid":{"rendered":"https:\/\/assistanshundar.com\/?page_id=99"},"modified":"2025-08-16T09:50:39","modified_gmt":"2025-08-16T09:50:39","slug":"assistanshundar","status":"publish","type":"page","link":"https:\/\/assistanshundar.com\/index.php\/assistanshundar\/","title":{"rendered":"Assistanshundar"},"content":{"rendered":"\n<p>Begreppet assistanshundar skiljer sig \u00e5t mellan de nordiska l\u00e4nderna. Det som \u00e4r gemensamt f\u00f6r Sverige och Finland \u00e4r att personen i fr\u00e5ga ska ha en grav och varaktig funktionseds\u00e4ttning och att det ska vara konstaterat att hundens hj\u00e4lp ska underl\u00e4tta f\u00f6r personen i det vardagliga livet. <\/p>\n\n\n\n<h2 class=\"wp-block-heading\">De olika funktionerna<\/h2>\n\n\n\n<p>Att bli hj\u00e4lpt av en assistanshund, grundar sig f\u00f6rst\u00e5s i f\u00f6rarens problematik. I Sverige kan man ha assistanshund f\u00f6r m\u00e5nga olika funktionsneds\u00e4ttningar, medan det p\u00e5 fastlandet, i Finland, b\u00f6r vara en hj\u00e4lp f\u00f6r vardagliga sysslor (t.ex. st\u00f6d f\u00f6r att f\u00f6rflytta sig, trycka p\u00e5 knappar, h\u00e4mta eller b\u00e4ra saker). Begreppen nedan kan d\u00e4rf\u00f6r verka f\u00f6rvirrande. L\u00e4ngre ner p\u00e5 sidan st\u00e5r mer utf\u00f6rligt om skillnaderna mellan l\u00e4nderna. <\/p>\n\n\n\n<h3 class=\"wp-block-heading\">Alarmerande hundar<\/h3>\n\n\n\n<p>En alarmerande hund i Sverige arbetar f\u00f6r en person med funktionsneds\u00e4ttning d\u00e4r f\u00f6raren eller omgivningen beh\u00f6ver uppm\u00e4rksammas p\u00e5 n\u00e4r det sker en f\u00f6r\u00e4ndring i f\u00f6rarens h\u00e4lsotillst\u00e5nd. F\u00f6r en person med diabetes larmar hunden om f\u00f6rarens blodsockerniv\u00e5 \u00e4r f\u00f6r h\u00f6g eller l\u00e5g. Vid epilepsi larmar hunden n\u00e4r f\u00f6raren \u00e4r p\u00e5 v\u00e4g att f\u00e5 ett anfall och kan h\u00e4mta hj\u00e4lp. Vid addison larmar hunden n\u00e4r f\u00f6raren har l\u00e5gt kortisol och beh\u00f6ver ta kortison. Vid narkolepsi varnar hunden innan f\u00f6raren f\u00e5r ett anfall och kan hj\u00e4lpa f\u00f6raren att h\u00e5lla sig vaken. <\/p>\n\n\n\n<p>I Finland finns begreppet hypokoira som i dagligt tal kallas diabeteshundar och kipukoira som betyder sm\u00e4rthund. Hypokoira \u00e4r som i Sverige en hund som larmar f\u00f6r f\u00f6rarens blodsocker f\u00f6r\u00e4ndringar. Kipukoira larmar till sin f\u00f6rare n\u00e4r sm\u00e4rtan stiger, s\u00e5 att personen avbryter det den h\u00e5ller p\u00e5 med f\u00f6r att \u00e5terh\u00e4mta sig, eller f\u00f6r att ta medicin. <\/p>\n\n\n\n<h3 class=\"wp-block-heading\">Ledarhundar<\/h3>\n\n\n\n<p>En ledarhund arbetar f\u00f6r  en person med synneds\u00e4ttning att navigera i det vardagliga livet. Hunden \u00e4r helt enkelt f\u00f6rarens \u00f6gon och leder f\u00f6raren f\u00f6rbi hinder, markerar f\u00f6r faror, h\u00e4mtar f\u00f6rem\u00e5l och lokaliserar objekt i f\u00f6rarens omgivning. <\/p>\n\n\n\n<h3 class=\"wp-block-heading\">Servicehund<\/h3>\n\n\n\n<p>En servicehund arbetar praktiskt i vardagen f\u00f6r en person med funktionsneds\u00e4ttning. Den kan t.ex. h\u00e4mta, l\u00e4mna och b\u00e4ra saker, \u00f6ppna och st\u00e4nga d\u00f6rrar och sk\u00e5p, h\u00e4mta hj\u00e4lp om f\u00f6raren beh\u00f6ver det samt dra av kl\u00e4der, st\u00f6dja vid f\u00f6rflyttning m.m.<\/p>\n\n\n\n<h3 class=\"wp-block-heading\">Servicehund NPF<\/h3>\n\n\n\n<p>I Sverige finns \u00e4ven hundar som arbetar f\u00f6r en person med neuropsykiatrisk funktionsneds\u00e4ttning (NPF), t.ex. autism eller ADHD. Hunden kan till exempel hj\u00e4lpa f\u00f6raren med rutiner som att komma ih\u00e5g medicin, uppm\u00e4rksamma larm eller v\u00e4cka f\u00f6raren p\u00e5 morgonen. Den kan ocks\u00e5 minska sensorisk belastning och hitta borttappade f\u00f6rem\u00e5l m.m.\u00a0 <\/p>\n\n\n\n<h3 class=\"wp-block-heading\">Signalhund<\/h3>\n\n\n\n<p>En signalhund arbetar f\u00f6r en person med h\u00f6rselneds\u00e4ttning och kan uppm\u00e4rksamma f\u00f6raren p\u00e5 ljud i omgivningen, t.ex. att d\u00f6rrklockan ringer, att brandlarmet g\u00e5r eller att n\u00e5gon ropar f\u00f6rarens namn.\u00a0<\/p>\n\n\n\n<h2 class=\"wp-block-heading\">I Sverige<\/h2>\n\n\n\n<p>I Sverige beskrivs assistanshundar av MFD (Myndigheten f\u00f6r delaktighet) en civil tj\u00e4nstehund som arbetar f\u00f6r sin f\u00f6rare som ett hj\u00e4lpmedel och syftar till att \u00f6ka f\u00f6rarens m\u00f6jlighet att medverka i och vara en del av samh\u00e4llet. H\u00e4r ing\u00e5r alla hundar, \u00e4ven ledarhund, psykisk h\u00e4lsa hund och servicehund f\u00f6r personer med neuropsykiatrisk funktionsneds\u00e4ttning (NPF). En f\u00e4rdigt utbildad hund i Sverige kostar mellan 200.000-300.000kr. Man kan \u00e4ven utbilda sj\u00e4lv med hj\u00e4lp av en godk\u00e4nd assistanshundstr\u00e4nare. Oavsett vad man v\u00e4ljer, bekostas hunden och utbildningen av privatpersonen sj\u00e4lv som kan s\u00f6ka fonder f\u00f6r att f\u00e5 hj\u00e4lp med kostnaden. I Sverige finns ingen \u00e5lders begr\u00e4sning, men om ett barn \u00e4r under 18 \u00e5r, \u00e4r det m\u00e5lsman som ansvarar f\u00f6r assistanshunden. <\/p>\n\n\n\n<h2 class=\"wp-block-heading\">I Finland (utom \u00c5land)<\/h2>\n\n\n\n<p>I Finland \u00e4r en assistanshund en specialtr\u00e4nad hund som hj\u00e4lper personer med funktionsneds\u00e4ttning att leva ett mer sj\u00e4lvst\u00e4ndigt liv.\u00a0De \u00e4r utbildade f\u00f6r att utf\u00f6ra olika uppgifter som underl\u00e4ttar vardagen f\u00f6r sin f\u00f6rare.  Assistanshunden ges som hj\u00e4lpmedel och kan s\u00f6kas fr\u00e5n v\u00e4lf\u00e4rdsomr\u00e5det. \u00c4ven ledarhundar kan beviljas som hj\u00e4lpmedel. Oklart f\u00f6r f\u00f6reningen \u00e4r om \u00e4ven signalhundar kan ans\u00f6kas om som hj\u00e4lpmedel. Som hj\u00e4lpmedel beviljas inte det som i Finland kallas hypokoira (s\u00e5 kallad diabeteshund) och heller inte kipukoira (sm\u00e4rthund). Inte heller ing\u00e5r psykisk h\u00e4lsa hund och servicehund vid NPF i det finska begreppet.En annan stor skillnad mellan Sverige och Finland \u00e4r att man i Finland endast kan beviljas assistanshund om man \u00e4r vuxen, det vill s\u00e4ga \u00f6ver 18 \u00e5r. <\/p>\n\n\n\n<h2 class=\"wp-block-heading\">P\u00e5 \u00c5land<\/h2>\n\n\n\n<p>P\u00e5 \u00c5land finns idag ingen lagstiftning som motsvarar de fastl\u00e4ndska v\u00e4lf\u00e4rdsomr\u00e5denas. Beviljade assistanshundar har hittills f\u00f6rverkligats via olika projekt och ink\u00f6p av privatpersoner fr\u00e5n Sverige eller Finland. I princip finns det utrymme i g\u00e4llande lagstiftning att godk\u00e4nna assistanshundar som ett hj\u00e4lpmedel, men d\u00e5 ingen \u00e4nnu gjort pr\u00f6vat det i domstol, finns ingen r\u00e4ttspraxis f\u00f6r det. Ben\u00e4mningen \u00e4r s\u00e5ledes beroende av vem som examinerar hunden, om detta g\u00f6rs i Sverige eller p\u00e5 fastlandet, i Finland. <\/p>\n","protected":false},"excerpt":{"rendered":"<p>Begreppet assistanshundar skiljer sig \u00e5t mellan de nordiska l\u00e4nderna. Det som \u00e4r gemensamt f\u00f6r Sverige och Finland \u00e4r att personen i fr\u00e5ga ska ha en grav och varaktig funktionseds\u00e4ttning och att det ska vara konstaterat att hundens hj\u00e4lp ska underl\u00e4tta f\u00f6r personen i det vardagliga livet. De olika funktionerna Att bli hj\u00e4lpt av en assistanshund, [&hellip;]<\/p>\n","protected":false},"author":1,"featured_media":0,"parent":0,"menu_order":0,"comment_status":"closed","ping_status":"closed","template":"","meta":{"saved_in_kubio":false,"footnotes":""},"class_list":["post-99","page","type-page","status-publish","hentry"],"kubio_ai_page_context":{"short_desc":"","purpose":"general"},"jetpack_sharing_enabled":true,"_links":{"self":[{"href":"https:\/\/assistanshundar.com\/index.php\/wp-json\/wp\/v2\/pages\/99","targetHints":{"allow":["GET"]}}],"collection":[{"href":"https:\/\/assistanshundar.com\/index.php\/wp-json\/wp\/v2\/pages"}],"about":[{"href":"https:\/\/assistanshundar.com\/index.php\/wp-json\/wp\/v2\/types\/page"}],"author":[{"embeddable":true,"href":"https:\/\/assistanshundar.com\/index.php\/wp-json\/wp\/v2\/users\/1"}],"replies":[{"embeddable":true,"href":"https:\/\/assistanshundar.com\/index.php\/wp-json\/wp\/v2\/comments?post=99"}],"version-history":[{"count":2,"href":"https:\/\/assistanshundar.com\/index.php\/wp-json\/wp\/v2\/pages\/99\/revisions"}],"predecessor-version":[{"id":105,"href":"https:\/\/assistanshundar.com\/index.php\/wp-json\/wp\/v2\/pages\/99\/revisions\/105"}],"wp:attachment":[{"href":"https:\/\/assistanshundar.com\/index.php\/wp-json\/wp\/v2\/media?parent=99"}],"curies":[{"name":"wp","href":"https:\/\/api.w.org\/{rel}","templated":true}]}}