{"id":92,"date":"2025-08-16T08:05:38","date_gmt":"2025-08-16T08:05:38","guid":{"rendered":"https:\/\/assistanshundar.com\/?page_id=92"},"modified":"2025-08-29T12:47:12","modified_gmt":"2025-08-29T12:47:12","slug":"stadgar","status":"publish","type":"page","link":"https:\/\/assistanshundar.com\/index.php\/om-foreningen\/stadgar\/","title":{"rendered":"Stadgar"},"content":{"rendered":"\n<p>STADGAR F\u00d6R \u00c5LANDS SOCIAL TJ\u00c4NSTE- OCH ASSISTANSHUNDKLUBB (\u00c5STA) <\/p>\n\n\n\n<p>1\u00a7 F\u00f6reningens namn och hemort<br>F\u00f6reningens namn \u00e4r \u00c5lands social tj\u00e4nste- och assistanshundklubb och dess hemort \u00e4r Mariehamn.<\/p>\n\n\n\n<p>2\u00a7 F\u00f6reningens spr\u00e5k<br>F\u00f6reningens spr\u00e5k \u00e4r svenska.<\/p>\n\n\n\n<p>3\u00a7 F\u00f6reningens m\u00e5ls\u00e4ttning och verksamhet<br>F\u00f6reningens syfte \u00e4r att fr\u00e4mja tillg\u00e5ngen av assistanshundar f\u00f6r personer med funktionsneds\u00e4ttning och sociala tj\u00e4nstehundar, att \u00f6ka kunskapen i samh\u00e4llet och v\u00e4cka intresset f\u00f6r assistanshundar och sociala tj\u00e4nstehundar, att utveckla och \u00f6ka medlemmarnas kunskap inom omr\u00e5det, samt att fr\u00e4mja och st\u00f6da hundverksamhet i landskapet \u00c5land.<br><br>Sitt syfte str\u00e4var f\u00f6reningen att f\u00f6rverkliga genom att:<br>&#8211; f\u00f6r medlemmarna ordna regelbundna tr\u00e4ffar och m\u00f6ten<br>&#8211; att fr\u00e4mja och ordna tr\u00e4nings- och skolningstillf\u00e4llen<br>&#8211; h\u00e5lla f\u00f6rel\u00e4sningar och andra infotillf\u00e4llen<br>&#8211; p\u00e5verka myndigheter och organisationer till en samh\u00e4llsutveckling g\u00e4llande assistanshundar och sociala tj\u00e4nstehundar<br>&#8211; bevaka och agera i fr\u00e5gor som ber\u00f6r assistanshundar och sociala tj\u00e4nstehundar<br>&#8211; samarbeta med andra sammanslutningar och organisationer<br>&#8211; grunda och f\u00f6rdela fonder och stipendium, samt motta donationer<\/p>\n\n\n\n<p>4\u00a7 Medlemmarna<br>Medlemmarna ska f\u00f6lja f\u00f6reningens stadgar och f\u00f6rbinder sig att f\u00f6lja f\u00f6reningens fastst\u00e4llda policys. Till medlem i f\u00f6reningen kan antas fysiska personer som \u00e4r intresserad av f\u00f6reningens verksamhet, samt personer som vill st\u00f6da f\u00f6reningens verksamhet och syfte.<br><br>Medlemskap s\u00f6ks genom att till styrelsen meddela namn och hemort samt \u00f6vriga uppgifter som styrelsen beslutar om f\u00f6r inf\u00f6rande i medlemsregistret. Medlemskap erh\u00e5lls genom inbetalning av den \u00e5rliga medlemsavgiften.<br><br>F\u00f6reningsm\u00f6tet kan p\u00e5 f\u00f6rslag av styrelsen till hedersmedlem v\u00e4lja person som p\u00e5 ett s\u00e4rskilt f\u00f6rtj\u00e4nstfullt s\u00e4tt arbetat f\u00f6r f\u00f6reningen och dess syften.<\/p>\n\n\n\n<p>5\u00a7 Medlemsavgifter<br>Medlemsavgifterna fastst\u00e4lls \u00e5rligen vid f\u00f6reningens h\u00f6stm\u00f6te. Hedersmedlem \u00e4r befriad fr\u00e5n erl\u00e4ggande av medlemsavgift. &nbsp;Vid uttr\u00e4de ur f\u00f6reningen, g\u00f6rs ingen \u00e5terbetalning av medlemsavgiften.<\/p>\n\n\n\n<p>6\u00a7 Uttr\u00e4de och uteslutning av en medlem ur f\u00f6reningen<br>En medlem har r\u00e4tt att n\u00e4r som helst uttr\u00e4da ur f\u00f6reningen genom att skriftligen anm\u00e4la sitt uttr\u00e4de till f\u00f6reningens styrelse eller dess ordf\u00f6rande, eller genom att vid f\u00f6reningens m\u00f6te anm\u00e4la om uttr\u00e4de f\u00f6r anteckning i protokollet. Styrelsen kan konstatera att en medlem har uttr\u00e4tt ur f\u00f6reningen d\u00e5 medlemmen under r\u00e4kenskapsperioden har underl\u00e5tit att betala sin medlemsavgift, trots minst tv\u00e5 p\u00e5minnelser. Om en medlem underl\u00e5tit att fullg\u00f6ra de f\u00f6rpliktelser som medf\u00f6ljer medlemskapet, om medlemmen genom sitt beteende inom eller utom f\u00f6reningen avsev\u00e4rt skadar f\u00f6reningen, eller om medlemmen inte l\u00e4ngre uppfyller villkoren f\u00f6r medlemskap som n\u00e4mns i lag eller i f\u00f6reningens stadgar, kan styrelsen utesluta medlemmen.<\/p>\n\n\n\n<p>7\u00a7 Organisation<br>F\u00f6reningens verksamhet sk\u00f6ts, av en p\u00e5 h\u00f6stm\u00f6tet vald, styrelse. F\u00f6reningen kan efter behov tills\u00e4tta arbetsgrupper, kommitt\u00e9er och utskott f\u00f6r l\u00f6pande g\u00f6rom\u00e5l eller utvalda uppgifter.<br><br>F\u00f6reningens namn tecknas gemensamt av antingen styrelsens ordf\u00f6rande eller viceordf\u00f6rande, tillsammans med antingen sekreteraren eller kass\u00f6ren. Namnteckning skall inneh\u00e5lla f\u00f6reningens namn och namntecknarnas egenh\u00e4ndiga underskrift.<br><br>F\u00f6reningen kan vara medlem i andra organisationer om det anses f\u00f6renligt med f\u00f6reningens m\u00e5ls\u00e4ttning.<br><br>F\u00f6reningen kan, om tillst\u00e5nd beviljas av beh\u00f6rig myndighet, ordna insamlingar, fester och lotterier, grunda fonder och stipendium, motta donationer, underst\u00f6d, penningmedel samt motta egendom som testamenterats till f\u00f6reningen. F\u00f6reningen har r\u00e4tt att anskaffa och \u00e4ga fast och l\u00f6s egendom som ansluter till verksamheten.<\/p>\n\n\n\n<p>8\u00a7 Styrelsen<br>F\u00f6reningens styrelse best\u00e5r av ordf\u00f6rande och d\u00e4r ut\u00f6ver i regel tre till sju (3-7) andra ordinarie medlemmar samt vid behov en till tv\u00e5 (1-2) suppleanter som alla utses vid h\u00f6stm\u00f6tet.<br><br>Ordf\u00f6randes mandatperiod \u00e4r ett (1) \u00e5r. \u00d6vriga ledam\u00f6ters mandatperiod \u00e4r tv\u00e5 (2) kalender\u00e5r, dock s\u00e5 att h\u00e4lften av ledam\u00f6ternas mandattid utg\u00e5r varje \u00e5r. Avg\u00e5ende styrelsemedlem kan \u00e5terv\u00e4ljas.<br><br>Styrelsen v\u00e4ljer inom sig en (1) vice ordf\u00f6rande samt utser inom eller utom sig en (1) sekreterare, en (1) kass\u00f6r och andra n\u00f6dv\u00e4ndiga funktion\u00e4rer.<br><br>Styrelsen sammantr\u00e4der p\u00e5 kallelse av ordf\u00f6rande, eller d\u00e5 denne har f\u00f6rhinder, p\u00e5 kallelse av vice ordf\u00f6rande d\u00e5 det anses beh\u00f6vligt eller d\u00e5 minst h\u00e4lften av styrelsemedlemmarna s\u00e5 kr\u00e4ver.<br><br>Om en styrelsemedlem har f\u00f6rhinder och suppleanter har valts vid h\u00f6stm\u00f6tet, intr\u00e4der suppleant i hens st\u00e4lle.<br><br>Avg\u00e5r styrelsemedlem f\u00f6re mandattidens utg\u00e5ng, intr\u00e4der, om m\u00f6jligt, suppleant i dennes st\u00e4lle till kommande h\u00f6stm\u00f6te. I annat fall kan tillf\u00e4llig styrelsemedlem utses till n\u00e4sta h\u00f6stm\u00f6te.<br><br>Styrelsen \u00e4r beslutsf\u00f6r n\u00e4r minst h\u00e4lften av dess medlemmar, ordf\u00f6rande eller vice ordf\u00f6rande medr\u00e4knade, \u00e4r n\u00e4rvarande.<br>Omr\u00f6stningar avg\u00f6rs med enkel majoritet. Om r\u00f6sterna faller j\u00e4mt avg\u00f6r ordf\u00f6randes r\u00f6st, vid val avg\u00f6r emellertid lotten.<\/p>\n\n\n\n<p>9\u00a7 R\u00e4kenskapsperiod och revision<br>F\u00f6reningens r\u00e4kenskapsperiod \u00e4r ett kalender\u00e5r.<br><br>Vid h\u00f6stm\u00f6tet v\u00e4ljs en till tv\u00e5 (1-2) ordinarie verksamhetsgranskare och en (1) suppleant. Om tv\u00e5 verksamhetsgranskare utses, kan val av suppleant utg\u00e5. Verksamhetsgranskarnas mandatperiod \u00e4r ett (1) \u00e5r.<br><br>Bokslutet j\u00e4mte n\u00f6dv\u00e4ndiga handlingar och styrelsens verksamhetsber\u00e4ttelse skall \u00f6verl\u00e4mnas till verksamhetsgranskarna senast tre (3) veckor f\u00f6re v\u00e5rm\u00f6tet. Verksamhetsgranskarna skall i sin tur ge sitt utl\u00e5tande skriftligt till styrelsen senast tv\u00e5 (2) veckor f\u00f6re v\u00e5rm\u00f6tet.<\/p>\n\n\n\n<p>10\u00a7 F\u00f6reningens m\u00f6ten<br>F\u00f6reningen h\u00e5ller tv\u00e5 (2) ordinarie m\u00f6ten, v\u00e5rm\u00f6te och h\u00f6stm\u00f6te.<br><br>V\u00e5rm\u00f6tet b\u00f6r h\u00e5llas senast inom april m\u00e5nad och h\u00f6stm\u00f6tet f\u00f6re utg\u00e5ng av november m\u00e5nad.<br><br>Ett extra m\u00f6te h\u00e5lls d\u00e5 f\u00f6reningens m\u00f6te s\u00e5 beslutar eller d\u00e5 styrelsen anser att det finns sk\u00e4l d\u00e4rtill eller d\u00e5 minst en tiondel (1\/10) av f\u00f6reningens r\u00f6stber\u00e4ttigade medlemmar skriftligen kr\u00e4ver det av styrelsen f\u00f6r ett s\u00e4rskilt angivet \u00e4rende. M\u00f6tet skall h\u00e5llas inom trettio (30) dagar fr\u00e5n den tidpunkt d\u00e5 kravet p\u00e5 m\u00f6tet framst\u00e4llts hos styrelsen.<br><br>Vid f\u00f6reningens m\u00f6ten har varje medlem en (1) r\u00f6st. Som m\u00f6tets beslut g\u00e4ller den \u00e5sikt som underst\u00f6tts av mer \u00e4n h\u00e4lften av de angivna r\u00f6sterna. Omr\u00f6stningar avg\u00f6rs med enkel majoritet. Om r\u00f6sterna faller j\u00e4mnt, avg\u00f6r m\u00f6tesordf\u00f6randens r\u00f6st, vid val avg\u00f6r emellertid lotten.<br><br>D\u00e5 styrelsen eller f\u00f6reningens medlemsm\u00f6te beslutat att det finns sk\u00e4l f\u00f6r det, \u00e4r deltagande i f\u00f6reningsm\u00f6te ocks\u00e5 m\u00f6jligt genom datakommunikation eller med n\u00e5got annat tekniskt hj\u00e4lpmedel. Denna m\u00f6jlighet m\u00e5ste informeras om i m\u00f6teskallelsen. R\u00f6stning om \u00e4ndringar i f\u00f6reningens stadga f\u00e5r dock inte ske genom datakommunikation eller med andra tekniska hj\u00e4lpmedel.<\/p>\n\n\n\n<p>11\u00a7 Kallelse till f\u00f6reningens m\u00f6ten<br>Styrelsen skall sammankalla f\u00f6reningens m\u00f6te senast sju (7) dagar f\u00f6re m\u00f6tet.<br><br>Detta skall ske genom att till varje enskild medlem posta kallelsen digitalt, med andra tekniska hj\u00e4lpmedel, genom vanlig postg\u00e5ng, eller genom kung\u00f6relse i medier.<br><br>I kallelsen skall anges de \u00e4renden vilka kommer att behandlas p\u00e5 m\u00f6tet.<br><br>F\u00f6rutom v\u00e5r- och h\u00f6stm\u00f6te kan f\u00f6reningen h\u00e5lla inofficiella medlemsm\u00f6ten eller medlemstr\u00e4ffar.<\/p>\n\n\n\n<p>12\u00a7 V\u00e5r- och h\u00f6stm\u00f6te<br>Vid f\u00f6reningens v\u00e5rm\u00f6te behandlas f\u00f6ljande \u00e4renden:<br><br>1. M\u00f6tets \u00f6ppnande<br>2. Val av m\u00f6tesordf\u00f6rande, vicem\u00f6tesordf\u00f6rande, sekreterare, tv\u00e5 (2) protokolljusterare och vid behov tv\u00e5 (2) r\u00f6str\u00e4knare<br>3. M\u00f6tets laglighet och beslutsf\u00f6rhet<br>4. F\u00f6redragningslistan f\u00f6r m\u00f6tet f\u00f6redras och godk\u00e4nns<br>5. Verksamhetsber\u00e4ttelsen f\u00f6redras och fastst\u00e4lls<br>6. Bokslutet och verksamhetsgranskarnas utl\u00e5tande f\u00f6redras och fastst\u00e4lls<br>7. Beviljande av ansvarsfrihet till styrelsen och andra ansvarsskyldiga<br>8. \u00d6vriga i m\u00f6teskallelsen n\u00e4mnda \u00e4renden<br><br>Vid f\u00f6reningens h\u00f6stm\u00f6te behandlas f\u00f6ljande \u00e4renden:<br><br>1. M\u00f6tets \u00f6ppnande<br>2. Val av m\u00f6tesordf\u00f6rande, m\u00f6tessekreterare, tv\u00e5 (2) protokolljusterare och vid behov tv\u00e5 (2) r\u00f6str\u00e4knare<br>3. M\u00f6tets laglighet och beslutsf\u00f6rhet<br>4. F\u00f6redragningslistan f\u00f6r m\u00f6tet f\u00f6redras och godk\u00e4nns<br>5. Verksamhetsplan och budget f\u00f6redras och fastst\u00e4lls<br>6. Fastst\u00e4llande av medlemsavgifternas storlek f\u00f6r kommande kalender\u00e5r<br>7. Revidering av f\u00f6reningens policys vid behov<br>8. Val av ordf\u00f6rande och \u00f6vriga medlemmar i styrelsen, tre till sju, (3-7) samt vid behov en till tv\u00e5 (1-2) suppleanter<br>9. Val av en (1) verksamhetsgranskare och en (1) suppleant, eller tv\u00e5 (2) verksamhetsgranskare&nbsp;<br>10. \u00d6vriga i m\u00f6teskallelsen n\u00e4mnda \u00e4renden<br>Om en f\u00f6reningsmedlem \u00f6nskar att ett \u00e4rende skall behandlas vid f\u00f6reningens v\u00e5r- eller h\u00f6stm\u00f6te skall medlemmen skriftligen meddela detta till styrelsen i s\u00e5 god tid att \u00e4rendet kan tas med i m\u00f6teskallelsen.<\/p>\n\n\n\n<p>13\u00a7 \u00c4ndring av stadgarna<br>Beslut om \u00e4ndring av dessa stadgar ska fattas vid ett (1) f\u00f6reningsm\u00f6te, varav minst tv\u00e5 tredjedelar (2\/3) av alla vid omr\u00f6stning angivna r\u00f6ster ska omfatta f\u00f6rslaget. I m\u00f6teskallelsen ska \u00e4ndring av stadgarna framg\u00e5.<\/p>\n\n\n\n<p>14\u00a7 Uppl\u00f6sning av f\u00f6reningen<br>F\u00f6rslag om uppl\u00f6sning av f\u00f6reningen upptas till behandling vid tv\u00e5 p\u00e5 varandra f\u00f6ljande f\u00f6reningsm\u00f6ten. Av dessa m\u00f6ten b\u00f6r minst ett vara f\u00f6reningens v\u00e5r- eller h\u00f6stm\u00f6te. I m\u00f6teskallelsen ska uppl\u00f6sning av f\u00f6reningen framg\u00e5.<br><br>F\u00f6r att f\u00f6reningen skall uppl\u00f6sas kr\u00e4vs minst trefj\u00e4rdedelars (3\/4) r\u00f6stmajoritet av de deltagande vid m\u00f6tena. I h\u00e4ndelse att f\u00f6reningen uppl\u00f6ses, besluter f\u00f6reningens sista m\u00f6te om hur f\u00f6reningens medel och egendom skall anv\u00e4ndas. Detta b\u00f6r ske p\u00e5 ett s\u00e4tt som befr\u00e4mjar f\u00f6reningens syfte eller till f\u00f6rm\u00e5n f\u00f6r verksam f\u00f6rening eller annat r\u00e4ttsgiltigt samfund, vars verksamhet n\u00e4rmast motsvarar de i 3\u00a7 i dessa stadgar n\u00e4mnda syfte. Till samma \u00e4ndam\u00e5l \u00f6verf\u00f6res medel i h\u00e4ndelse av att f\u00f6reningen enligt lag uppl\u00f6ses. Har f\u00f6reningen erh\u00e5llit egendom genom g\u00e5va eller testamente p\u00e5 s\u00e5dana villkor att denna egendom eller vad som \u00e5terst\u00e5r av den f\u00f6r det fall att f\u00f6reningen uppl\u00f6ses ska anv\u00e4ndas f\u00f6r n\u00e5got speciellt \u00e4ndam\u00e5l, skall detta f\u00f6ljas.<\/p>\n\n\n\n<p>15\u00a7 \u00d6vriga best\u00e4mmelser<br>I \u00f6vrigt till\u00e4mpas stadgarna i g\u00e4llande f\u00f6reningslag.<\/p>\n","protected":false},"excerpt":{"rendered":"<p>STADGAR F\u00d6R \u00c5LANDS SOCIAL TJ\u00c4NSTE- OCH ASSISTANSHUNDKLUBB (\u00c5STA) 1\u00a7 F\u00f6reningens namn och hemortF\u00f6reningens namn \u00e4r \u00c5lands social tj\u00e4nste- och assistanshundklubb och dess hemort \u00e4r Mariehamn. 2\u00a7 F\u00f6reningens spr\u00e5kF\u00f6reningens spr\u00e5k \u00e4r svenska. 3\u00a7 F\u00f6reningens m\u00e5ls\u00e4ttning och verksamhetF\u00f6reningens syfte \u00e4r att fr\u00e4mja tillg\u00e5ngen av assistanshundar f\u00f6r personer med funktionsneds\u00e4ttning och sociala tj\u00e4nstehundar, att \u00f6ka kunskapen i samh\u00e4llet [&hellip;]<\/p>\n","protected":false},"author":1,"featured_media":0,"parent":90,"menu_order":0,"comment_status":"closed","ping_status":"closed","template":"","meta":{"saved_in_kubio":false,"footnotes":""},"class_list":["post-92","page","type-page","status-publish","hentry"],"kubio_ai_page_context":{"short_desc":"","purpose":"general"},"jetpack_sharing_enabled":true,"_links":{"self":[{"href":"https:\/\/assistanshundar.com\/index.php\/wp-json\/wp\/v2\/pages\/92","targetHints":{"allow":["GET"]}}],"collection":[{"href":"https:\/\/assistanshundar.com\/index.php\/wp-json\/wp\/v2\/pages"}],"about":[{"href":"https:\/\/assistanshundar.com\/index.php\/wp-json\/wp\/v2\/types\/page"}],"author":[{"embeddable":true,"href":"https:\/\/assistanshundar.com\/index.php\/wp-json\/wp\/v2\/users\/1"}],"replies":[{"embeddable":true,"href":"https:\/\/assistanshundar.com\/index.php\/wp-json\/wp\/v2\/comments?post=92"}],"version-history":[{"count":2,"href":"https:\/\/assistanshundar.com\/index.php\/wp-json\/wp\/v2\/pages\/92\/revisions"}],"predecessor-version":[{"id":143,"href":"https:\/\/assistanshundar.com\/index.php\/wp-json\/wp\/v2\/pages\/92\/revisions\/143"}],"up":[{"embeddable":true,"href":"https:\/\/assistanshundar.com\/index.php\/wp-json\/wp\/v2\/pages\/90"}],"wp:attachment":[{"href":"https:\/\/assistanshundar.com\/index.php\/wp-json\/wp\/v2\/media?parent=92"}],"curies":[{"name":"wp","href":"https:\/\/api.w.org\/{rel}","templated":true}]}}