{"id":2,"date":"2025-08-15T09:01:34","date_gmt":"2025-08-15T09:01:34","guid":{"rendered":"https:\/\/assistanshundar.com\/?page_id=2"},"modified":"2025-08-16T07:12:46","modified_gmt":"2025-08-16T07:12:46","slug":"bli-medlem","status":"publish","type":"page","link":"https:\/\/assistanshundar.com\/index.php\/bli-medlem\/","title":{"rendered":"Bli medlem"},"content":{"rendered":"\n<p>Genom att registrera dig som medlem, godk\u00e4nner du att f\u00f6reningen sparar dina uppgifter i medlemsregistret Membra. Du kan n\u00e4r som helst beg\u00e4ra ut dina uppgifter. <\/p>\n\n\n\n<p>Medlemsavgiften f\u00f6r unga 0-21 \u00e5r och pension\u00e4rer \u00e4r 10 \u20ac\/\u00e5r, \u00f6vriga 20 \u20ac.<\/p>\n\n\n\n<p>Fyll i formul\u00e4ret nedan, s\u00e5 kommer vi att bekr\u00e4fta att du blivit medlem. Fakturan med medlemsavgiften kommer att skickas till dig per epost eller post, beroende av vad du \u00f6nskar. <\/p>\n\n\n","protected":false},"excerpt":{"rendered":"<p>Genom att registrera dig som medlem, godk\u00e4nner du att f\u00f6reningen sparar dina uppgifter i medlemsregistret Membra. Du kan n\u00e4r som helst beg\u00e4ra ut dina uppgifter. Medlemsavgiften f\u00f6r unga 0-21 \u00e5r och pension\u00e4rer \u00e4r 10 \u20ac\/\u00e5r, \u00f6vriga 20 \u20ac. Fyll i formul\u00e4ret nedan, s\u00e5 kommer vi att bekr\u00e4fta att du blivit medlem. Fakturan med medlemsavgiften kommer [&hellip;]<\/p>\n","protected":false},"author":1,"featured_media":0,"parent":0,"menu_order":0,"comment_status":"closed","ping_status":"open","template":"","meta":{"saved_in_kubio":true,"footnotes":""},"class_list":["post-2","page","type-page","status-publish","hentry"],"kubio_ai_page_context":{"short_desc":"","purpose":"general"},"jetpack_sharing_enabled":true,"_links":{"self":[{"href":"https:\/\/assistanshundar.com\/index.php\/wp-json\/wp\/v2\/pages\/2","targetHints":{"allow":["GET"]}}],"collection":[{"href":"https:\/\/assistanshundar.com\/index.php\/wp-json\/wp\/v2\/pages"}],"about":[{"href":"https:\/\/assistanshundar.com\/index.php\/wp-json\/wp\/v2\/types\/page"}],"author":[{"embeddable":true,"href":"https:\/\/assistanshundar.com\/index.php\/wp-json\/wp\/v2\/users\/1"}],"replies":[{"embeddable":true,"href":"https:\/\/assistanshundar.com\/index.php\/wp-json\/wp\/v2\/comments?post=2"}],"version-history":[{"count":5,"href":"https:\/\/assistanshundar.com\/index.php\/wp-json\/wp\/v2\/pages\/2\/revisions"}],"predecessor-version":[{"id":85,"href":"https:\/\/assistanshundar.com\/index.php\/wp-json\/wp\/v2\/pages\/2\/revisions\/85"}],"wp:attachment":[{"href":"https:\/\/assistanshundar.com\/index.php\/wp-json\/wp\/v2\/media?parent=2"}],"curies":[{"name":"wp","href":"https:\/\/api.w.org\/{rel}","templated":true}]}}