{"id":121,"date":"2025-08-16T12:00:29","date_gmt":"2025-08-16T12:00:29","guid":{"rendered":"https:\/\/assistanshundar.com\/?page_id=121"},"modified":"2025-08-16T12:00:29","modified_gmt":"2025-08-16T12:00:29","slug":"utbilda-social-tjanstehund","status":"publish","type":"page","link":"https:\/\/assistanshundar.com\/index.php\/sociala-tjanstehundar\/utbilda-social-tjanstehund\/","title":{"rendered":"Utbilda social tj\u00e4nstehund"},"content":{"rendered":"\n<p>Social tj\u00e4nstehund kan utbildas p\u00e5 olika s\u00e4tt. I Sverige finns F\u00f6reningen f\u00f6r sociala tj\u00e4nstehundar och de uppr\u00e4tth\u00e5ller en <a href=\"https:\/\/www.ffsth.se\/utbildare\" data-type=\"link\" data-id=\"https:\/\/www.ffsth.se\/utbildare\">lista \u00f6ver de utbildare<\/a> som f\u00f6ljer f\u00f6reningens krav och riktlinjer f\u00f6r utbildning. Dessa utbildningar \u00e4r ofta kostsamma. I Sverige finns fonder att s\u00f6ka f\u00f6r kostnaden. Utbildningen kan antingen g\u00f6ras via yrkesh\u00f6gskola eller genom privata akt\u00f6rer. <\/p>\n\n\n\n<p>Vi hoppas kunna samla dessa hundf\u00f6rare och andra intresserade under v\u00e5r f\u00f6rening f\u00f6r att ge st\u00f6d, gemenskap och \u00f6kad kunskap. I framtiden dr\u00f6mmer vi om att kunna trygga tillg\u00e5ngen p\u00e5 utbildning f\u00f6r \u00e5l\u00e4nningar. <\/p>\n","protected":false},"excerpt":{"rendered":"<p>Social tj\u00e4nstehund kan utbildas p\u00e5 olika s\u00e4tt. I Sverige finns F\u00f6reningen f\u00f6r sociala tj\u00e4nstehundar och de uppr\u00e4tth\u00e5ller en lista \u00f6ver de utbildare som f\u00f6ljer f\u00f6reningens krav och riktlinjer f\u00f6r utbildning. Dessa utbildningar \u00e4r ofta kostsamma. I Sverige finns fonder att s\u00f6ka f\u00f6r kostnaden. Utbildningen kan antingen g\u00f6ras via yrkesh\u00f6gskola eller genom privata akt\u00f6rer. Vi hoppas [&hellip;]<\/p>\n","protected":false},"author":1,"featured_media":0,"parent":112,"menu_order":0,"comment_status":"closed","ping_status":"closed","template":"","meta":{"saved_in_kubio":false,"footnotes":""},"class_list":["post-121","page","type-page","status-publish","hentry"],"kubio_ai_page_context":{"short_desc":"","purpose":"general"},"jetpack_sharing_enabled":true,"_links":{"self":[{"href":"https:\/\/assistanshundar.com\/index.php\/wp-json\/wp\/v2\/pages\/121","targetHints":{"allow":["GET"]}}],"collection":[{"href":"https:\/\/assistanshundar.com\/index.php\/wp-json\/wp\/v2\/pages"}],"about":[{"href":"https:\/\/assistanshundar.com\/index.php\/wp-json\/wp\/v2\/types\/page"}],"author":[{"embeddable":true,"href":"https:\/\/assistanshundar.com\/index.php\/wp-json\/wp\/v2\/users\/1"}],"replies":[{"embeddable":true,"href":"https:\/\/assistanshundar.com\/index.php\/wp-json\/wp\/v2\/comments?post=121"}],"version-history":[{"count":1,"href":"https:\/\/assistanshundar.com\/index.php\/wp-json\/wp\/v2\/pages\/121\/revisions"}],"predecessor-version":[{"id":122,"href":"https:\/\/assistanshundar.com\/index.php\/wp-json\/wp\/v2\/pages\/121\/revisions\/122"}],"up":[{"embeddable":true,"href":"https:\/\/assistanshundar.com\/index.php\/wp-json\/wp\/v2\/pages\/112"}],"wp:attachment":[{"href":"https:\/\/assistanshundar.com\/index.php\/wp-json\/wp\/v2\/media?parent=121"}],"curies":[{"name":"wp","href":"https:\/\/api.w.org\/{rel}","templated":true}]}}