{"id":118,"date":"2025-08-16T11:46:12","date_gmt":"2025-08-16T11:46:12","guid":{"rendered":"https:\/\/assistanshundar.com\/?page_id=118"},"modified":"2025-08-16T11:46:12","modified_gmt":"2025-08-16T11:46:12","slug":"erhalla-assistanshund","status":"publish","type":"page","link":"https:\/\/assistanshundar.com\/index.php\/assistanshundar\/erhalla-assistanshund\/","title":{"rendered":"Erh\u00e5lla assistanshund"},"content":{"rendered":"\n<p>P\u00e5 fastlandet, i Finland, kan du som \u00e4r vuxen samt har l\u00e5ngtids- eller permanent r\u00f6relsehinder, orsakad av sjukdom eller trauma ans\u00f6ka om assistanshund.<\/p>\n\n\n\n<p>Via f\u00f6reningen Avustajakoira ry har man kunnat utbilda hunden sj\u00e4lv. Fr\u00e5n och med den 7 mars 2024 har f\u00f6reningen dock inte kunnat ta emot nya ans\u00f6kningar. <\/p>\n\n\n\n<p>Fullt tr\u00e4nad assistanshund s\u00f6ks fr\u00e5n ditt v\u00e4lf\u00e4rdsomr\u00e5det som hj\u00e4lpmedel. Du beh\u00f6ver l\u00e4karremiss d\u00e4r det gjorts bed\u00f6mning av behovet g\u00e4llande assistanshund. <\/p>\n\n\n\n<p>I Sverige kan man ans\u00f6ka om att antingen k\u00f6pa en f\u00e4rdigt skolad hund eller i vissa fall att tr\u00e4na upp sin egen hund. Dessa kostnader m\u00e5ste man d\u00e5 st\u00e5 f\u00f6r sj\u00e4lv och man beh\u00f6ver vara uppm\u00e4rksam p\u00e5 att man d\u00e5 examineras i enlighet med de svenska lagarna. <\/p>\n\n\n\n<p>Vi i \u00c5STA arbetar f\u00f6r att skapa f\u00f6ruts\u00e4ttningar f\u00f6r att i framtiden kunna trygga tillg\u00e5ngen av assistanshundar f\u00f6r brukare p\u00e5 \u00c5land. <\/p>\n","protected":false},"excerpt":{"rendered":"<p>P\u00e5 fastlandet, i Finland, kan du som \u00e4r vuxen samt har l\u00e5ngtids- eller permanent r\u00f6relsehinder, orsakad av sjukdom eller trauma ans\u00f6ka om assistanshund. Via f\u00f6reningen Avustajakoira ry har man kunnat utbilda hunden sj\u00e4lv. Fr\u00e5n och med den 7 mars 2024 har f\u00f6reningen dock inte kunnat ta emot nya ans\u00f6kningar. Fullt tr\u00e4nad assistanshund s\u00f6ks fr\u00e5n ditt [&hellip;]<\/p>\n","protected":false},"author":1,"featured_media":0,"parent":99,"menu_order":0,"comment_status":"closed","ping_status":"closed","template":"","meta":{"saved_in_kubio":false,"footnotes":""},"class_list":["post-118","page","type-page","status-publish","hentry"],"kubio_ai_page_context":{"short_desc":"","purpose":"general"},"jetpack_sharing_enabled":true,"_links":{"self":[{"href":"https:\/\/assistanshundar.com\/index.php\/wp-json\/wp\/v2\/pages\/118","targetHints":{"allow":["GET"]}}],"collection":[{"href":"https:\/\/assistanshundar.com\/index.php\/wp-json\/wp\/v2\/pages"}],"about":[{"href":"https:\/\/assistanshundar.com\/index.php\/wp-json\/wp\/v2\/types\/page"}],"author":[{"embeddable":true,"href":"https:\/\/assistanshundar.com\/index.php\/wp-json\/wp\/v2\/users\/1"}],"replies":[{"embeddable":true,"href":"https:\/\/assistanshundar.com\/index.php\/wp-json\/wp\/v2\/comments?post=118"}],"version-history":[{"count":1,"href":"https:\/\/assistanshundar.com\/index.php\/wp-json\/wp\/v2\/pages\/118\/revisions"}],"predecessor-version":[{"id":119,"href":"https:\/\/assistanshundar.com\/index.php\/wp-json\/wp\/v2\/pages\/118\/revisions\/119"}],"up":[{"embeddable":true,"href":"https:\/\/assistanshundar.com\/index.php\/wp-json\/wp\/v2\/pages\/99"}],"wp:attachment":[{"href":"https:\/\/assistanshundar.com\/index.php\/wp-json\/wp\/v2\/media?parent=118"}],"curies":[{"name":"wp","href":"https:\/\/api.w.org\/{rel}","templated":true}]}}