{"id":112,"date":"2025-08-16T11:20:01","date_gmt":"2025-08-16T11:20:01","guid":{"rendered":"https:\/\/assistanshundar.com\/?page_id=112"},"modified":"2025-08-16T11:20:01","modified_gmt":"2025-08-16T11:20:01","slug":"sociala-tjanstehundar","status":"publish","type":"page","link":"https:\/\/assistanshundar.com\/index.php\/sociala-tjanstehundar\/","title":{"rendered":"Sociala tj\u00e4nstehundar"},"content":{"rendered":"\n<p>I Sverige har det redan l\u00e4nge funnits hundar som jobbat i team med sin f\u00f6rare inom v\u00e5rd och omsorg. Dessa hundar har olika inriktningar och olika ben\u00e4mningar beroende av vilken utbildning man g\u00e5tt. Den gemensamma n\u00e4mnare \u00e4r att dessa hundar jobbar med sin f\u00f6rare mot en tredje person. Det vill s\u00e4ga att f\u00f6raren, till skillnad fr\u00e5n assistanshundsf\u00f6raren, inte tar emot arbetet fr\u00e5n hunden. <\/p>\n\n\n\n<p>I skolan lyssnar hunden uppm\u00e4rksamt p\u00e5 eleven som l\u00e4ser, oavsett f\u00f6rm\u00e5ga att formulera orden eller l\u00e4shastighet. Hunden ger trygghet f\u00f6r eleven att utvecklas i en icke-d\u00f6mande milj\u00f6. Dessutom kan hunden bidra till lugn, fokus och god st\u00e4mning i klassrummet. Hunden kan \u00e4ven bidra till motivation och \u00f6kat intresse f\u00f6r skolarbetet genom sin n\u00e4rvaro. Att gosa med en hund kan verka minska \u00e5ngest och minska stressniv\u00e5erna.<\/p>\n\n\n\n<p>Inom v\u00e5rden kan hunden fr\u00e4mja aktivitet, kommunikation och interaktion. \u00c4ven h\u00e4r \u00e4r det icke-d\u00f6mande bem\u00f6tandet en viktig del f\u00f6r m\u00e5nga patienter. Hunden anv\u00e4nds f\u00f6r att ge social, emotionell, fysisk och kognitiv stimulans och st\u00f6d till patienter inom olika v\u00e5rdmilj\u00f6er.\u00a0<\/p>\n\n\n\n<p>Eftersom den fastl\u00e4ndska skolningen mestadels finns tillg\u00e4nglig p\u00e5 finska, \u00e4r det flesta utbildade sociala tj\u00e4nstehundarna p\u00e5 \u00c5land idag utbildade i Sverige. I Sverige finns det olika instanser som utbildar. Klicka p\u00e5 l\u00e4nken f\u00f6r att komma till <a href=\"https:\/\/www.ffsth.se\/utbildare\" data-type=\"link\" data-id=\"https:\/\/www.ffsth.se\/utbildare\">utbildare hos F\u00f6reningen f\u00f6r sociala tj\u00e4nstehundar i Sverige<\/a>.<\/p>\n\n\n\n<p>Kostnaden f\u00f6r utbildningen till dessa hundar st\u00e5r f\u00f6raren sj\u00e4lva f\u00f6r, i s\u00e5v\u00e4l Finland som Sverige. <\/p>\n\n\n\n<p>Vi hoppas kunna samla dessa hundf\u00f6rare och andra intresserade under v\u00e5r f\u00f6rening f\u00f6r att ge st\u00f6d, gemenskap och \u00f6kad kunskap.<\/p>\n","protected":false},"excerpt":{"rendered":"<p>I Sverige har det redan l\u00e4nge funnits hundar som jobbat i team med sin f\u00f6rare inom v\u00e5rd och omsorg. Dessa hundar har olika inriktningar och olika ben\u00e4mningar beroende av vilken utbildning man g\u00e5tt. Den gemensamma n\u00e4mnare \u00e4r att dessa hundar jobbar med sin f\u00f6rare mot en tredje person. Det vill s\u00e4ga att f\u00f6raren, till skillnad [&hellip;]<\/p>\n","protected":false},"author":1,"featured_media":0,"parent":0,"menu_order":0,"comment_status":"closed","ping_status":"closed","template":"","meta":{"saved_in_kubio":false,"footnotes":""},"class_list":["post-112","page","type-page","status-publish","hentry"],"kubio_ai_page_context":{"short_desc":"","purpose":"general"},"jetpack_sharing_enabled":true,"_links":{"self":[{"href":"https:\/\/assistanshundar.com\/index.php\/wp-json\/wp\/v2\/pages\/112","targetHints":{"allow":["GET"]}}],"collection":[{"href":"https:\/\/assistanshundar.com\/index.php\/wp-json\/wp\/v2\/pages"}],"about":[{"href":"https:\/\/assistanshundar.com\/index.php\/wp-json\/wp\/v2\/types\/page"}],"author":[{"embeddable":true,"href":"https:\/\/assistanshundar.com\/index.php\/wp-json\/wp\/v2\/users\/1"}],"replies":[{"embeddable":true,"href":"https:\/\/assistanshundar.com\/index.php\/wp-json\/wp\/v2\/comments?post=112"}],"version-history":[{"count":1,"href":"https:\/\/assistanshundar.com\/index.php\/wp-json\/wp\/v2\/pages\/112\/revisions"}],"predecessor-version":[{"id":113,"href":"https:\/\/assistanshundar.com\/index.php\/wp-json\/wp\/v2\/pages\/112\/revisions\/113"}],"wp:attachment":[{"href":"https:\/\/assistanshundar.com\/index.php\/wp-json\/wp\/v2\/media?parent=112"}],"curies":[{"name":"wp","href":"https:\/\/api.w.org\/{rel}","templated":true}]}}